{"id":303,"date":"2025-09-06T09:31:56","date_gmt":"2025-09-06T09:31:56","guid":{"rendered":"http:\/\/escolamusa.com\/index.php\/aula-de-artes-plasticas\/"},"modified":"2026-02-24T10:07:16","modified_gmt":"2026-02-24T10:07:16","slug":"aula-darts-plastiques","status":"publish","type":"page","link":"https:\/\/escolamusa.com\/index.php\/aula-darts-plastiques\/","title":{"rendered":"Aula d&#8217;Arts pl\u00e0stiques"},"content":{"rendered":"\t\t<div data-elementor-type=\"wp-page\" data-elementor-id=\"303\" class=\"elementor elementor-303\" data-elementor-post-type=\"page\">\n\t\t\t\t<div class=\"elementor-element elementor-element-035e715 e-con-full e-flex e-con e-parent\" data-id=\"035e715\" data-element_type=\"container\">\n\t\t<div class=\"elementor-element elementor-element-d364b4c e-con-full e-flex e-con e-child\" data-id=\"d364b4c\" data-element_type=\"container\" data-settings=\"{&quot;background_background&quot;:&quot;classic&quot;}\">\n\t\t<div class=\"elementor-element elementor-element-cd3f098 e-con-full e-grid e-con e-child\" data-id=\"cd3f098\" data-element_type=\"container\" data-settings=\"{&quot;background_background&quot;:&quot;classic&quot;}\">\n\t\t<div class=\"elementor-element elementor-element-c246dbb e-flex e-con-boxed e-con e-child\" data-id=\"c246dbb\" data-element_type=\"container\" data-settings=\"{&quot;background_background&quot;:&quot;classic&quot;}\">\n\t\t\t\t\t<div class=\"e-con-inner\">\n\t\t\t\t<div class=\"elementor-element elementor-element-c703859 elementor-widget elementor-widget-heading\" data-id=\"c703859\" data-element_type=\"widget\" data-widget_type=\"heading.default\">\n\t\t\t\t\t<h1 class=\"elementor-heading-title elementor-size-default\">Aula d'Arts Pl\u00e0stiques<\/h1>\t\t\t\t<\/div>\n\t\t\t\t<div class=\"elementor-element elementor-element-96a97b2 elementor-widget elementor-widget-text-editor\" data-id=\"96a97b2\" data-element_type=\"widget\" data-widget_type=\"text-editor.default\">\n\t\t\t\t\t\t\t\t\t<div title=\"Page 5\"><p><b>L\u2019Aula on alumnes de totes les edats podran desenvolupar i potenciar la seva creativitat a partir de diferents te\u0300cniques i materials.\u00a0<\/b><\/p><p><b style=\"letter-spacing: 0px;\">Un espai on poder aprendre i divertir-se creant!<\/b><\/p><\/div>\t\t\t\t\t\t\t\t<\/div>\n\t\t\t\t<div class=\"elementor-element elementor-element-e5219f6 elementor-widget__width-auto elementor-align-center elementor-widget elementor-widget-button\" data-id=\"e5219f6\" data-element_type=\"widget\" data-widget_type=\"button.default\">\n\t\t\t\t\t\t\t\t\t\t<a class=\"elementor-button elementor-button-link elementor-size-sm\" href=\"http:\/\/escolamusa.com\/index.php\/contacto\/\">\n\t\t\t\t\t\t<span class=\"elementor-button-content-wrapper\">\n\t\t\t\t\t\t\t\t\t<span class=\"elementor-button-text\">Contacta'ns<\/span>\n\t\t\t\t\t<\/span>\n\t\t\t\t\t<\/a>\n\t\t\t\t\t\t\t\t<\/div>\n\t\t\t\t\t<\/div>\n\t\t\t\t<\/div>\n\t\t\t\t<div class=\"elementor-element elementor-element-78a02c1 elementor-widget elementor-widget-image\" data-id=\"78a02c1\" data-element_type=\"widget\" data-widget_type=\"image.default\">\n\t\t\t\t\t\t\t\t\t\t\t\t\t\t\t<img fetchpriority=\"high\" decoding=\"async\" width=\"1707\" height=\"2560\" src=\"https:\/\/escolamusa.com\/wp-content\/uploads\/2025\/11\/pexels-cottonbro-3778180-1-scaled.jpg\" class=\"attachment-full size-full wp-image-3178\" alt=\"\" srcset=\"https:\/\/escolamusa.com\/wp-content\/uploads\/2025\/11\/pexels-cottonbro-3778180-1-scaled.jpg 1707w, https:\/\/escolamusa.com\/wp-content\/uploads\/2025\/11\/pexels-cottonbro-3778180-1-200x300.jpg 200w, https:\/\/escolamusa.com\/wp-content\/uploads\/2025\/11\/pexels-cottonbro-3778180-1-683x1024.jpg 683w, https:\/\/escolamusa.com\/wp-content\/uploads\/2025\/11\/pexels-cottonbro-3778180-1-768x1152.jpg 768w, https:\/\/escolamusa.com\/wp-content\/uploads\/2025\/11\/pexels-cottonbro-3778180-1-1024x1536.jpg 1024w, https:\/\/escolamusa.com\/wp-content\/uploads\/2025\/11\/pexels-cottonbro-3778180-1-1366x2048.jpg 1366w\" sizes=\"(max-width: 1707px) 100vw, 1707px\" \/>\t\t\t\t\t\t\t\t\t\t\t\t\t\t\t<\/div>\n\t\t\t\t<\/div>\n\t\t\t\t<\/div>\n\t\t\t\t<\/div>\n\t\t<div class=\"elementor-element elementor-element-9359980 e-grid e-con-boxed e-con e-parent\" data-id=\"9359980\" data-element_type=\"container\" data-settings=\"{&quot;background_background&quot;:&quot;classic&quot;}\">\n\t\t\t\t\t<div class=\"e-con-inner\">\n\t\t<div class=\"elementor-element elementor-element-93a50d7 e-con-full e-flex e-con e-child\" data-id=\"93a50d7\" data-element_type=\"container\" data-settings=\"{&quot;background_background&quot;:&quot;classic&quot;}\">\n\t\t\t\t<div class=\"elementor-element elementor-element-8ea15d8 elementor-widget elementor-widget-heading\" data-id=\"8ea15d8\" data-element_type=\"widget\" data-widget_type=\"heading.default\">\n\t\t\t\t\t<h2 class=\"elementor-heading-title elementor-size-default\">Creaci\u00f3 pl\u00e0stica<\/h2>\t\t\t\t<\/div>\n\t\t\t\t<div class=\"elementor-element elementor-element-5a0d6e5 elementor-widget elementor-widget-text-editor\" data-id=\"5a0d6e5\" data-element_type=\"widget\" data-widget_type=\"text-editor.default\">\n\t\t\t\t\t\t\t\t\t<div class=\"page\" title=\"Page 6\"><div class=\"section\"><div class=\"layoutArea\"><div class=\"column\"><p>Taller d&#8217;activitats din\u00e0miques amb el principal objectiu de tenir contacte, crear un vincle i experimentar amb els diferents materials art\u00edstics. Sempre creant des del joc i la diversio\u0301!<\/p><p><strong>Edat:\u00a0<\/strong>de 5 a 12 anys<\/p><p><strong>Horari<\/strong><\/p><ul><li>Dimarts de 17:30h a 18:30h<\/li><li>Dijous de 17:30h a 18:30h<\/li><\/ul><p><i style=\"font-size: 14px; line-height: 0.6 !important;\">*opci\u00f3 a assistir un dia a la setmana o al pack de dos dies, segons disponibilitat.<\/i><\/p><\/div><\/div><\/div><\/div>\t\t\t\t\t\t\t\t<\/div>\n\t\t\t\t<\/div>\n\t\t<div class=\"elementor-element elementor-element-a2c7254 e-con-full e-flex e-con e-child\" data-id=\"a2c7254\" data-element_type=\"container\" data-settings=\"{&quot;background_background&quot;:&quot;classic&quot;}\">\n\t\t\t\t<div class=\"elementor-element elementor-element-e535187 elementor-widget elementor-widget-heading\" data-id=\"e535187\" data-element_type=\"widget\" data-widget_type=\"heading.default\">\n\t\t\t\t\t<h2 class=\"elementor-heading-title elementor-size-default\">Dibuix i Pintura per a Nens\/Joves<\/h2>\t\t\t\t<\/div>\n\t\t\t\t<div class=\"elementor-element elementor-element-5e19e47 elementor-widget elementor-widget-text-editor\" data-id=\"5e19e47\" data-element_type=\"widget\" data-widget_type=\"text-editor.default\">\n\t\t\t\t\t\t\t\t\t<p>Coneixerem els principis fonamentals del dibuix, centrant-nos en observar amb cura, organitzar formes i expressar-nos visualment. El curs fomenta la imaginaci\u00f3 i la creativitat, i convida a descobrir el m\u00f3n de l\u2019art a trav\u00e9s de l\u2019experimentaci\u00f3 amb diferents t\u00e8cniques graficopl\u00e0stiques.<\/p><div class=\"section\"><div class=\"layoutArea\"><div class=\"column\"><p><strong>Edat:\u00a0<\/strong>de 11 a 16 anys<\/p><p><strong>Horari:<\/strong><\/p><ul><li>Divendres de 17:00h a 18:30<\/li><\/ul><\/div><\/div><\/div>\t\t\t\t\t\t\t\t<\/div>\n\t\t\t\t<\/div>\n\t\t<div class=\"elementor-element elementor-element-6a6cceb e-con-full e-flex e-con e-child\" data-id=\"6a6cceb\" data-element_type=\"container\" data-settings=\"{&quot;background_background&quot;:&quot;classic&quot;}\">\n\t\t\t\t<div class=\"elementor-element elementor-element-dc748d6 elementor-widget elementor-widget-heading\" data-id=\"dc748d6\" data-element_type=\"widget\" data-widget_type=\"heading.default\">\n\t\t\t\t\t<h2 class=\"elementor-heading-title elementor-size-default\">Dibuix i Pintura per a Adults<\/h2>\t\t\t\t<\/div>\n\t\t\t\t<div class=\"elementor-element elementor-element-33085ed elementor-widget__width-initial elementor-widget elementor-widget-text-editor\" data-id=\"33085ed\" data-element_type=\"widget\" data-widget_type=\"text-editor.default\">\n\t\t\t\t\t\t\t\t\t<div title=\"Page 6\"><div><div><div><p>Aprendrem els fonaments principals del dibuix, tot treballant l\u2019observacio\u0301, la composicio\u0301 i l\u2019expressio\u0301 personal. Experimentarem amb diverses te\u0300cniques i materials com el grafit, llapis, carbonet, acri\u0301lic, oli, aquarel\u00b7la, pastels, llapis de colors, retoladors, tinta xinesa&#8230;<\/p><p><strong>Edat:\u00a0<\/strong>a partir de 18 anys<\/p><p><strong>Horari<\/strong><\/p><ul><li>Dimarts de 10h a 11:30h<\/li><li>Dijous de 10h a 11:30h<\/li><li>Dijous de 19 a 20.30h<\/li><li>Divendres de 18:30h a 20h\u00a0<\/li><\/ul><div><i style=\"font-size: 14px; line-height: 0.6 !important;\">\u00a0<\/i><\/div><div><i style=\"font-size: 14px; line-height: 0.6 !important;\">*opci\u00f3 a assistir un dia a la setmana o al pack de dos dies, segons disponibilitat.<\/i><\/div><\/div><\/div><\/div><\/div>\t\t\t\t\t\t\t\t<\/div>\n\t\t\t\t<\/div>\n\t\t<div class=\"elementor-element elementor-element-6177775 e-con-full e-flex e-con e-child\" data-id=\"6177775\" data-element_type=\"container\" data-settings=\"{&quot;background_background&quot;:&quot;classic&quot;}\">\n\t\t\t\t<div class=\"elementor-element elementor-element-4902c12 elementor-widget elementor-widget-heading\" data-id=\"4902c12\" data-element_type=\"widget\" data-widget_type=\"heading.default\">\n\t\t\t\t\t<h2 class=\"elementor-heading-title elementor-size-default\">Art digital<\/h2>\t\t\t\t<\/div>\n\t\t\t\t<div class=\"elementor-element elementor-element-1232bbc elementor-widget__width-initial elementor-widget elementor-widget-text-editor\" data-id=\"1232bbc\" data-element_type=\"widget\" data-widget_type=\"text-editor.default\">\n\t\t\t\t\t\t\t\t\t<div class=\"page\" title=\"Page 6\"><div class=\"section\"><div class=\"layoutArea\"><div class=\"column\"><p>Descobreix les te\u0300cniques de creacio\u0301 arti\u0301stica digital i explora el mo\u0301n del pixel art. Aprendrem a dibuixar i dissenyar imatges utilitzant eines digitals, combinant creativitat i tecnologia!<\/p><\/div><\/div><\/div><\/div><p><strong>Edat: <\/strong><\/p><ul><li>de 11 a 16 anys<\/li><li>Adults<\/li><\/ul><p><strong>Horari<\/strong><\/p><ul><li>Divendres de 17:00h a 18:00h (Nens\/joves)<\/li><li>Divendres de 10:00h a 11:00h (Adults)<\/li><\/ul>\t\t\t\t\t\t\t\t<\/div>\n\t\t\t\t<\/div>\n\t\t\t\t\t<\/div>\n\t\t\t\t<\/div>\n\t\t<div class=\"elementor-element elementor-element-aaa87ad e-con-full e-flex e-con e-parent\" data-id=\"aaa87ad\" data-element_type=\"container\" data-settings=\"{&quot;background_background&quot;:&quot;classic&quot;}\">\n\t\t<div class=\"elementor-element elementor-element-a188a91 e-con-full e-grid e-con e-child\" data-id=\"a188a91\" data-element_type=\"container\" data-settings=\"{&quot;background_background&quot;:&quot;classic&quot;}\">\n\t\t\t\t<div class=\"elementor-element elementor-element-08c9985 elementor-widget elementor-widget-heading\" data-id=\"08c9985\" data-element_type=\"widget\" data-widget_type=\"heading.default\">\n\t\t\t\t\t<h2 class=\"elementor-heading-title elementor-size-default\">Cursos intensius<\/h2>\t\t\t\t<\/div>\n\t\t\t\t<\/div>\n\t\t\t\t<\/div>\n\t\t<div class=\"elementor-element elementor-element-2de6936 e-grid e-con-boxed e-con e-parent\" data-id=\"2de6936\" data-element_type=\"container\" data-settings=\"{&quot;background_background&quot;:&quot;classic&quot;}\">\n\t\t\t\t\t<div class=\"e-con-inner\">\n\t\t<div class=\"elementor-element elementor-element-9fb0d53 e-con-full e-flex e-con e-child\" data-id=\"9fb0d53\" data-element_type=\"container\" data-settings=\"{&quot;background_background&quot;:&quot;classic&quot;}\">\n\t\t\t\t<div class=\"elementor-element elementor-element-3879791 elementor-widget elementor-widget-heading\" data-id=\"3879791\" data-element_type=\"widget\" data-widget_type=\"heading.default\">\n\t\t\t\t\t<h2 class=\"elementor-heading-title elementor-size-default\">Casal Hivern<\/h2>\t\t\t\t<\/div>\n\t\t\t\t<div class=\"elementor-element elementor-element-09a9eb5 elementor-widget elementor-widget-text-editor\" data-id=\"09a9eb5\" data-element_type=\"widget\" data-widget_type=\"text-editor.default\">\n\t\t\t\t\t\t\t\t\t<div title=\"Page 6\"><div><div><div><h2 style=\"color: #d73545; font-family: Poppins, sans-serif; font-weight: 600; line-height: 26.4px; font-size: 22px; text-transform: capitalize;\" data-elementor-setting-key=\"title\" data-pen-placeholder=\"Type Here...\"><span style=\"color: #333333; font-family: Figtree, sans-serif; font-size: 16px; font-weight: 400; text-transform: none;\">Durant les vacances d\u2019hivern fem diversos cursos:<\/span><\/h2><p><span style=\"font-weight: bolder;\">Dies:<\/span><\/p><ul><li>Bloc I: 23 i 24 de desembre 2025<\/li><li>Bloc II: 30 i 31 de desembre 2025<\/li><li>Bloc III: 2 i 3 de gener 2026<b><span style=\"background-color: transparent;\">\u00a0<\/span><\/b><\/li><\/ul><p><b>\u00a0<\/b><\/p><p><b><span style=\"background-color: transparent;\">Horari: <\/span><\/b>de 9h a 13h<\/p><p><span style=\"font-weight: bolder;\">Edat:\u00a0<\/span>de 5 a 12 anys<\/p><\/div><\/div><\/div><\/div>\t\t\t\t\t\t\t\t<\/div>\n\t\t\t\t<\/div>\n\t\t<div class=\"elementor-element elementor-element-ebc12db e-con-full e-flex e-con e-child\" data-id=\"ebc12db\" data-element_type=\"container\" data-settings=\"{&quot;background_background&quot;:&quot;classic&quot;}\">\n\t\t\t\t<div class=\"elementor-element elementor-element-c295584 elementor-widget elementor-widget-heading\" data-id=\"c295584\" data-element_type=\"widget\" data-widget_type=\"heading.default\">\n\t\t\t\t\t<h2 class=\"elementor-heading-title elementor-size-default\">Casal Primavera<\/h2>\t\t\t\t<\/div>\n\t\t\t\t<div class=\"elementor-element elementor-element-abd3990 elementor-widget elementor-widget-text-editor\" data-id=\"abd3990\" data-element_type=\"widget\" data-widget_type=\"text-editor.default\">\n\t\t\t\t\t\t\t\t\t<div title=\"Page 6\"><p><span style=\"color: #333333; font-family: Figtree, sans-serif; font-size: 16px; font-weight: 400; text-transform: none;\">Durant les vacances de primavera fem un curs:<\/span><span style=\"font-weight: bolder; color: #333333; font-family: Figtree, sans-serif; font-size: 16px; text-transform: none;\">\u00a0<\/span><\/p><p><span style=\"font-weight: bolder;\">Dies<\/span><\/p><ul><li>Del 30 de mar\u00e7 al 2 d&#8217;abril 2026\u00a0<\/li><\/ul><p>\u00a0<\/p><p><span style=\"font-weight: bolder;\">Horari: <\/span>de 9h a 13h<\/p><p><span style=\"font-weight: bolder;\">Edat: <\/span>de 5 a 12 anys<\/p><\/div>\t\t\t\t\t\t\t\t<\/div>\n\t\t\t\t<\/div>\n\t\t<div class=\"elementor-element elementor-element-9fce7cf e-con-full e-flex e-con e-child\" data-id=\"9fce7cf\" data-element_type=\"container\" data-settings=\"{&quot;background_background&quot;:&quot;classic&quot;}\">\n\t\t\t\t<div class=\"elementor-element elementor-element-8d56938 elementor-widget elementor-widget-heading\" data-id=\"8d56938\" data-element_type=\"widget\" data-widget_type=\"heading.default\">\n\t\t\t\t\t<h2 class=\"elementor-heading-title elementor-size-default\">Casal Estiu<\/h2>\t\t\t\t<\/div>\n\t\t\t\t<div class=\"elementor-element elementor-element-beeded1 elementor-widget elementor-widget-text-editor\" data-id=\"beeded1\" data-element_type=\"widget\" data-widget_type=\"text-editor.default\">\n\t\t\t\t\t\t\t\t\t<div title=\"Page 6\"><p><span style=\"color: #333333; font-family: Figtree, sans-serif; font-size: 16px; font-weight: 400; text-transform: none;\">Durant les vacances destin fem un curs:<\/span><span style=\"font-weight: bolder; color: #333333; font-family: Figtree, sans-serif; font-size: 16px; text-transform: none;\">\u00a0<\/span><\/p><p><span style=\"font-weight: bolder;\">Dies<\/span><\/p><ul><li>Bloc I: del 29 de juny al 3 de juliol 2026<\/li><li>Bloc II: del 6 al 10 de juliol 2026<\/li><li>Bloc III: del 13 al 17 de juliol 2026<\/li><\/ul><p>\u00a0<\/p><p><span style=\"font-weight: bolder;\">Horari: <\/span>de 9h a 13h<\/p><p><span style=\"font-weight: bolder;\">Edat: <\/span>de 5 a 12 anys<\/p><\/div>\t\t\t\t\t\t\t\t<\/div>\n\t\t\t\t<\/div>\n\t\t\t\t\t<\/div>\n\t\t\t\t<\/div>\n\t\t<div class=\"elementor-element elementor-element-416b3739 e-flex e-con-boxed e-con e-parent\" data-id=\"416b3739\" data-element_type=\"container\" data-settings=\"{&quot;background_background&quot;:&quot;classic&quot;}\">\n\t\t\t\t\t<div class=\"e-con-inner\">\n\t\t<div class=\"elementor-element elementor-element-4d71dd2d e-flex e-con-boxed e-con e-child\" data-id=\"4d71dd2d\" data-element_type=\"container\" data-settings=\"{&quot;background_background&quot;:&quot;classic&quot;}\">\n\t\t\t\t\t<div class=\"e-con-inner\">\n\t\t\t\t<div class=\"elementor-element elementor-element-6f572da3 elementor-widget elementor-widget-heading\" data-id=\"6f572da3\" data-element_type=\"widget\" data-widget_type=\"heading.default\">\n\t\t\t\t\t<h2 class=\"elementor-heading-title elementor-size-default\">Explora la teva creativitat i vine a aprendre amb nosaltres!<\/h2>\t\t\t\t<\/div>\n\t\t<div class=\"elementor-element elementor-element-71f14545 e-flex e-con-boxed e-con e-child\" data-id=\"71f14545\" data-element_type=\"container\">\n\t\t\t\t\t<div class=\"e-con-inner\">\n\t\t\t\t<div class=\"elementor-element elementor-element-52891b51 elementor-widget__width-auto elementor-widget elementor-widget-button\" data-id=\"52891b51\" data-element_type=\"widget\" data-widget_type=\"button.default\">\n\t\t\t\t\t\t\t\t\t\t<a class=\"elementor-button elementor-button-link elementor-size-sm\" href=\"http:\/\/escolamusa.com\/index.php\/inscripcions-2025-2026\/\">\n\t\t\t\t\t\t<span class=\"elementor-button-content-wrapper\">\n\t\t\t\t\t\t\t\t\t<span class=\"elementor-button-text\">Inscriu-te<\/span>\n\t\t\t\t\t<\/span>\n\t\t\t\t\t<\/a>\n\t\t\t\t\t\t\t\t<\/div>\n\t\t\t\t\t<\/div>\n\t\t\t\t<\/div>\n\t\t\t\t\t<\/div>\n\t\t\t\t<\/div>\n\t\t\t\t\t<\/div>\n\t\t\t\t<\/div>\n\t\t\t\t<\/div>\n\t\t","protected":false},"excerpt":{"rendered":"<p>Aula d&#8217;Arts Pl\u00e0stiques L\u2019Aula on alumnes de totes les edats podran desenvolupar i potenciar la seva creativitat a partir de diferents te\u0300cniques i materials.\u00a0 Un espai on poder aprendre i divertir-se creant! Contacta&#8217;ns Creaci\u00f3 pl\u00e0stica Taller d&#8217;activitats din\u00e0miques amb el principal objectiu de tenir contacte, crear un vincle i experimentar amb els diferents materials art\u00edstics. [&hellip;]<\/p>\n","protected":false},"author":1,"featured_media":0,"parent":0,"menu_order":0,"comment_status":"closed","ping_status":"closed","template":"","meta":{"footnotes":""},"class_list":["post-303","page","type-page","status-publish","hentry"],"_links":{"self":[{"href":"https:\/\/escolamusa.com\/index.php\/wp-json\/wp\/v2\/pages\/303","targetHints":{"allow":["GET"]}}],"collection":[{"href":"https:\/\/escolamusa.com\/index.php\/wp-json\/wp\/v2\/pages"}],"about":[{"href":"https:\/\/escolamusa.com\/index.php\/wp-json\/wp\/v2\/types\/page"}],"author":[{"embeddable":true,"href":"https:\/\/escolamusa.com\/index.php\/wp-json\/wp\/v2\/users\/1"}],"replies":[{"embeddable":true,"href":"https:\/\/escolamusa.com\/index.php\/wp-json\/wp\/v2\/comments?post=303"}],"version-history":[{"count":629,"href":"https:\/\/escolamusa.com\/index.php\/wp-json\/wp\/v2\/pages\/303\/revisions"}],"predecessor-version":[{"id":3263,"href":"https:\/\/escolamusa.com\/index.php\/wp-json\/wp\/v2\/pages\/303\/revisions\/3263"}],"wp:attachment":[{"href":"https:\/\/escolamusa.com\/index.php\/wp-json\/wp\/v2\/media?parent=303"}],"curies":[{"name":"wp","href":"https:\/\/api.w.org\/{rel}","templated":true}]}}