{"id":297,"date":"2025-09-06T09:31:56","date_gmt":"2025-09-06T09:31:56","guid":{"rendered":"http:\/\/escolamusa.com\/index.php\/presentacion-de-la-escuela\/"},"modified":"2025-11-28T14:20:44","modified_gmt":"2025-11-28T14:20:44","slug":"presentacion-de-la-escuela","status":"publish","type":"page","link":"https:\/\/escolamusa.com\/index.php\/presentacion-de-la-escuela\/","title":{"rendered":"L&#8217; Escola"},"content":{"rendered":"\t\t<div data-elementor-type=\"wp-page\" data-elementor-id=\"297\" class=\"elementor elementor-297\" data-elementor-post-type=\"page\">\n\t\t\t\t<div class=\"elementor-element elementor-element-c51cece e-flex e-con-boxed e-con e-parent\" data-id=\"c51cece\" data-element_type=\"container\">\n\t\t\t\t\t<div class=\"e-con-inner\">\n\t\t<div class=\"elementor-element elementor-element-abbb154 e-con-full e-flex e-con e-child\" data-id=\"abbb154\" data-element_type=\"container\">\n\t\t<div class=\"elementor-element elementor-element-de94d92 e-con-full e-grid e-con e-child\" data-id=\"de94d92\" data-element_type=\"container\" data-settings=\"{&quot;background_background&quot;:&quot;classic&quot;}\">\n\t\t<div class=\"elementor-element elementor-element-342bce0 e-flex e-con-boxed e-con e-child\" data-id=\"342bce0\" data-element_type=\"container\" data-settings=\"{&quot;background_background&quot;:&quot;classic&quot;}\">\n\t\t\t\t\t<div class=\"e-con-inner\">\n\t\t\t\t<div class=\"elementor-element elementor-element-b260b0b elementor-widget elementor-widget-heading\" data-id=\"b260b0b\" data-element_type=\"widget\" data-widget_type=\"heading.default\">\n\t\t\t\t\t<h1 class=\"elementor-heading-title elementor-size-default\">L'Escola<\/h1>\t\t\t\t<\/div>\n\t\t\t\t\t<\/div>\n\t\t\t\t<\/div>\n\t\t\t\t<\/div>\n\t\t\t\t<\/div>\n\t\t\t\t\t<\/div>\n\t\t\t\t<\/div>\n\t\t<div class=\"elementor-element elementor-element-ebd18ca e-flex e-con-boxed e-con e-parent\" data-id=\"ebd18ca\" data-element_type=\"container\">\n\t\t\t\t\t<div class=\"e-con-inner\">\n\t\t\t\t<div class=\"elementor-element elementor-element-7f06330 elementor-widget elementor-widget-heading\" data-id=\"7f06330\" data-element_type=\"widget\" data-widget_type=\"heading.default\">\n\t\t\t\t\t<h2 class=\"elementor-heading-title elementor-size-default\">Qui som?<\/h2>\t\t\t\t<\/div>\n\t\t\t\t<div class=\"elementor-element elementor-element-ef02e55 elementor-widget elementor-widget-text-editor\" data-id=\"ef02e55\" data-element_type=\"widget\" data-widget_type=\"text-editor.default\">\n\t\t\t\t\t\t\t\t\t<p>MUSA \u00e9s una escola de m\u00fasica i arts pl\u00e0stiques ubicada a Montgat (Barcelona)<span style=\"color: var( --e-global-color-secondary ); letter-spacing: -0.1px; background-color: var( --e-global-color-background );\">. Un espai educatiu pensat per afavorir el desenvolupament art\u00edstic i personal de persones de totes les edats. El nostre projecte es basa en una <\/span>pedagogia activa i respectuosa<span style=\"color: var( --e-global-color-secondary ); letter-spacing: -0.1px; background-color: var( --e-global-color-background );\">, que promou la creativitat com a motor de l\u2019aprenentatge. <\/span><\/p><p>A MUSA, entenem l\u2019art i la m\u00fasica com formes d\u2019expressi\u00f3 que uneixen emocions, persones i cultures. Per aix\u00f2 oferim una formaci\u00f3 personalitzada i de qualitat, en un entorn proper i acollidor. Oferim tallers i cursos per a infants, joves i adults, amb un equip docent que acompanya cada proc\u00e9s d\u2019aprenentatge adaptant-se al ritme i les necessitats de cada alumne.<\/p>\t\t\t\t\t\t\t\t<\/div>\n\t\t\t\t\t<\/div>\n\t\t\t\t<\/div>\n\t\t<div class=\"elementor-element elementor-element-0636072 e-flex e-con-boxed e-con e-parent\" data-id=\"0636072\" data-element_type=\"container\">\n\t\t\t\t\t<div class=\"e-con-inner\">\n\t\t\t\t<div class=\"elementor-element elementor-element-e6e72fe elementor-widget elementor-widget-heading\" data-id=\"e6e72fe\" data-element_type=\"widget\" data-widget_type=\"heading.default\">\n\t\t\t\t\t<h2 class=\"elementor-heading-title elementor-size-default\">La nostra filosofia<\/h2>\t\t\t\t<\/div>\n\t\t\t\t\t<\/div>\n\t\t\t\t<\/div>\n\t\t<div class=\"elementor-element elementor-element-a0e0750 e-flex e-con-boxed e-con e-parent\" data-id=\"a0e0750\" data-element_type=\"container\">\n\t\t\t\t\t<div class=\"e-con-inner\">\n\t\t<div class=\"elementor-element elementor-element-004cd1f e-con-full e-flex e-con e-child\" data-id=\"004cd1f\" data-element_type=\"container\">\n\t\t\t\t<div class=\"elementor-element elementor-element-f1d4da4 elementor-widget-tablet__width-initial elementor-widget-mobile__width-initial elementor-align-left elementor-icon-list--layout-traditional elementor-list-item-link-full_width elementor-widget elementor-widget-icon-list\" data-id=\"f1d4da4\" data-element_type=\"widget\" data-widget_type=\"icon-list.default\">\n\t\t\t\t\t\t\t<ul class=\"elementor-icon-list-items\">\n\t\t\t\t\t\t\t<li class=\"elementor-icon-list-item\">\n\t\t\t\t\t\t\t\t\t\t\t<span class=\"elementor-icon-list-icon\">\n\t\t\t\t\t\t\t<svg aria-hidden=\"true\" class=\"e-font-icon-svg e-fas-square-full\" viewBox=\"0 0 512 512\" xmlns=\"http:\/\/www.w3.org\/2000\/svg\"><path d=\"M512 512H0V0h512v512z\"><\/path><\/svg>\t\t\t\t\t\t<\/span>\n\t\t\t\t\t\t\t\t\t\t<span class=\"elementor-icon-list-text\">L\u2019art \u00e9s un vehicle d\u2019autoexpressi\u00f3. A trav\u00e9s d\u2019aquesta, aconseguim manifestar, entendre i explorar les nostres emocions.<\/span>\n\t\t\t\t\t\t\t\t\t<\/li>\n\t\t\t\t\t\t\t\t<li class=\"elementor-icon-list-item\">\n\t\t\t\t\t\t\t\t\t\t\t<span class=\"elementor-icon-list-icon\">\n\t\t\t\t\t\t\t<svg aria-hidden=\"true\" class=\"e-font-icon-svg e-fas-square-full\" viewBox=\"0 0 512 512\" xmlns=\"http:\/\/www.w3.org\/2000\/svg\"><path d=\"M512 512H0V0h512v512z\"><\/path><\/svg>\t\t\t\t\t\t<\/span>\n\t\t\t\t\t\t\t\t\t\t<span class=\"elementor-icon-list-text\">Entenem els llenguatges art\u00edstics com un medi expressiu que ens permet transformar el m\u00f3n en el qual vivim i dialogar amb la realitat que ens envolta.<\/span>\n\t\t\t\t\t\t\t\t\t<\/li>\n\t\t\t\t\t\t\t\t<li class=\"elementor-icon-list-item\">\n\t\t\t\t\t\t\t\t\t\t\t<span class=\"elementor-icon-list-icon\">\n\t\t\t\t\t\t\t<svg aria-hidden=\"true\" class=\"e-font-icon-svg e-fas-square-full\" viewBox=\"0 0 512 512\" xmlns=\"http:\/\/www.w3.org\/2000\/svg\"><path d=\"M512 512H0V0h512v512z\"><\/path><\/svg>\t\t\t\t\t\t<\/span>\n\t\t\t\t\t\t\t\t\t\t<span class=\"elementor-icon-list-text\">I per descomptat i el m\u00e9s important! Que els alumnes estableixin un vincle amb l\u2019art des del joc, la diversi\u00f3 i l\u2019amor per aquesta disciplina!<\/span>\n\t\t\t\t\t\t\t\t\t<\/li>\n\t\t\t\t\t\t<\/ul>\n\t\t\t\t\t\t<\/div>\n\t\t\t\t<\/div>\n\t\t<div class=\"elementor-element elementor-element-f56365a e-con-full e-flex e-con e-child\" data-id=\"f56365a\" data-element_type=\"container\">\n\t\t\t\t<div class=\"elementor-element elementor-element-23bfd70 elementor-widget-tablet__width-initial elementor-widget-mobile__width-initial elementor-align-left elementor-icon-list--layout-traditional elementor-list-item-link-full_width elementor-widget elementor-widget-icon-list\" data-id=\"23bfd70\" data-element_type=\"widget\" data-widget_type=\"icon-list.default\">\n\t\t\t\t\t\t\t<ul class=\"elementor-icon-list-items\">\n\t\t\t\t\t\t\t<li class=\"elementor-icon-list-item\">\n\t\t\t\t\t\t\t\t\t\t\t<span class=\"elementor-icon-list-icon\">\n\t\t\t\t\t\t\t<svg aria-hidden=\"true\" class=\"e-font-icon-svg e-fas-square-full\" viewBox=\"0 0 512 512\" xmlns=\"http:\/\/www.w3.org\/2000\/svg\"><path d=\"M512 512H0V0h512v512z\"><\/path><\/svg>\t\t\t\t\t\t<\/span>\n\t\t\t\t\t\t\t\t\t\t<span class=\"elementor-icon-list-text\">Entendre el nostre context des de les manifestacions art\u00edstiques ens ajuda a posicionar-nos, ens fa subjectes cr\u00edtics, actius, curiosos i reflexius.<\/span>\n\t\t\t\t\t\t\t\t\t<\/li>\n\t\t\t\t\t\t\t\t<li class=\"elementor-icon-list-item\">\n\t\t\t\t\t\t\t\t\t\t\t<span class=\"elementor-icon-list-icon\">\n\t\t\t\t\t\t\t<svg aria-hidden=\"true\" class=\"e-font-icon-svg e-fas-square-full\" viewBox=\"0 0 512 512\" xmlns=\"http:\/\/www.w3.org\/2000\/svg\"><path d=\"M512 512H0V0h512v512z\"><\/path><\/svg>\t\t\t\t\t\t<\/span>\n\t\t\t\t\t\t\t\t\t\t<span class=\"elementor-icon-list-text\">La nostra prioritat \u00e9s que l\u2019alumne se senti el centre creatiu i pugui fer propis els projectes que desenvolupa. Un sistema pedag\u00f2gic individualitzat, que escolta de forma activa a l\u2019alumne i permet que pugui obrir-se cam\u00ed en el m\u00f3n art\u00edstic des dels seus interessos i la seva pr\u00f2pia sensibilitat i perspectiva.<\/span>\n\t\t\t\t\t\t\t\t\t<\/li>\n\t\t\t\t\t\t<\/ul>\n\t\t\t\t\t\t<\/div>\n\t\t\t\t<\/div>\n\t\t\t\t\t<\/div>\n\t\t\t\t<\/div>\n\t\t<div class=\"elementor-element elementor-element-0cca332 e-flex e-con-boxed e-con e-parent\" data-id=\"0cca332\" data-element_type=\"container\">\n\t\t\t\t\t<div class=\"e-con-inner\">\n\t\t<div class=\"elementor-element elementor-element-41355e9 e-con-full e-flex e-con e-child\" data-id=\"41355e9\" data-element_type=\"container\">\n\t\t<div class=\"elementor-element elementor-element-c94f9d0 e-con-full e-flex e-con e-child\" data-id=\"c94f9d0\" data-element_type=\"container\" data-settings=\"{&quot;background_background&quot;:&quot;classic&quot;}\">\n\t\t\t\t<div class=\"elementor-element elementor-element-b1cca48 elementor-widget elementor-widget-heading\" data-id=\"b1cca48\" data-element_type=\"widget\" data-widget_type=\"heading.default\">\n\t\t\t\t\t<h2 class=\"elementor-heading-title elementor-size-default\">Explora la teva creativitat amb nosaltres!\u200b<\/h2>\t\t\t\t<\/div>\n\t\t\t\t<div class=\"elementor-element elementor-element-2485dafa elementor-widget__width-initial elementor-widget elementor-widget-text-editor\" data-id=\"2485dafa\" data-element_type=\"widget\" data-widget_type=\"text-editor.default\">\n\t\t\t\t\t\t\t\t\t<div class=\"page\" title=\"Page 3\"><div class=\"section\"><div class=\"layoutArea\"><div class=\"column\"><p>Des de la nostra escola volem formar part del proce\u0301s creatiu i personal dels nostres alumnes i ensenyar-los a estimar l\u2019Art en totes les seves manifestacions!<\/p><\/div><\/div><\/div><\/div>\t\t\t\t\t\t\t\t<\/div>\n\t\t<div class=\"elementor-element elementor-element-8ac90fc e-flex e-con-boxed e-con e-child\" data-id=\"8ac90fc\" data-element_type=\"container\">\n\t\t\t\t\t<div class=\"e-con-inner\">\n\t\t\t\t<div class=\"elementor-element elementor-element-185ca44 elementor-widget__width-auto elementor-widget elementor-widget-button\" data-id=\"185ca44\" data-element_type=\"widget\" data-widget_type=\"button.default\">\n\t\t\t\t\t\t\t\t\t\t<a class=\"elementor-button elementor-button-link elementor-size-sm\" href=\"http:\/\/escolamusa.com\/index.php\/inscripcions-2025-2026\/\">\n\t\t\t\t\t\t<span class=\"elementor-button-content-wrapper\">\n\t\t\t\t\t\t\t\t\t<span class=\"elementor-button-text\">Inscriu-te<\/span>\n\t\t\t\t\t<\/span>\n\t\t\t\t\t<\/a>\n\t\t\t\t\t\t\t\t<\/div>\n\t\t\t\t\t<\/div>\n\t\t\t\t<\/div>\n\t\t\t\t<\/div>\n\t\t\t\t<\/div>\n\t\t\t\t\t<\/div>\n\t\t\t\t<\/div>\n\t\t\t\t<\/div>\n\t\t","protected":false},"excerpt":{"rendered":"<p>L&#8217;Escola Qui som? MUSA \u00e9s una escola de m\u00fasica i arts pl\u00e0stiques ubicada a Montgat (Barcelona). Un espai educatiu pensat per afavorir el desenvolupament art\u00edstic i personal de persones de totes les edats. El nostre projecte es basa en una pedagogia activa i respectuosa, que promou la creativitat com a motor de l\u2019aprenentatge. A MUSA, [&hellip;]<\/p>\n","protected":false},"author":1,"featured_media":0,"parent":0,"menu_order":0,"comment_status":"closed","ping_status":"closed","template":"","meta":{"footnotes":""},"class_list":["post-297","page","type-page","status-publish","hentry"],"_links":{"self":[{"href":"https:\/\/escolamusa.com\/index.php\/wp-json\/wp\/v2\/pages\/297","targetHints":{"allow":["GET"]}}],"collection":[{"href":"https:\/\/escolamusa.com\/index.php\/wp-json\/wp\/v2\/pages"}],"about":[{"href":"https:\/\/escolamusa.com\/index.php\/wp-json\/wp\/v2\/types\/page"}],"author":[{"embeddable":true,"href":"https:\/\/escolamusa.com\/index.php\/wp-json\/wp\/v2\/users\/1"}],"replies":[{"embeddable":true,"href":"https:\/\/escolamusa.com\/index.php\/wp-json\/wp\/v2\/comments?post=297"}],"version-history":[{"count":176,"href":"https:\/\/escolamusa.com\/index.php\/wp-json\/wp\/v2\/pages\/297\/revisions"}],"predecessor-version":[{"id":3078,"href":"https:\/\/escolamusa.com\/index.php\/wp-json\/wp\/v2\/pages\/297\/revisions\/3078"}],"wp:attachment":[{"href":"https:\/\/escolamusa.com\/index.php\/wp-json\/wp\/v2\/media?parent=297"}],"curies":[{"name":"wp","href":"https:\/\/api.w.org\/{rel}","templated":true}]}}